{"id":280,"date":"2018-05-23T14:37:37","date_gmt":"2018-05-23T14:37:37","guid":{"rendered":"http:\/\/hahne-software.de\/?page_id=280"},"modified":"2021-01-14T09:15:47","modified_gmt":"2021-01-14T09:15:47","slug":"datenschutzerklaerung","status":"publish","type":"page","link":"https:\/\/hahne-software.de\/?page_id=280","title":{"rendered":"Datenschutzerkl\u00e4rung"},"content":{"rendered":"\n<h2 class=\"western wp-block-heading\"><span style=\"font-family: arial;\">Datenschutzhinweise zur Nutzung der Hahne-Software.de Internet-Seiten<\/span><\/h2>\n\n\n\n<p>Hahne-Software.de freut sich \u00fcber Ihren Besuch unserer Internetseiten.<\/p>\n\n\n\n<p><strong>Hahne-Software.de respektiert Ihre Privatsph\u00e4re<\/strong><br>\nDer Schutz Ihrer Privatsph\u00e4re bei der Verarbeitung personenbezogener Daten sowie die Sicherheit aller Gesch\u00e4ftsdaten ist uns ein wichtiges Anliegen und Bestandteil unserer Unternehmenspolitik. Wir verarbeiten personenbezogene Daten, die bei Ihrem Besuch unserer Internetseiten erhoben werden, vertraulich und nur gem\u00e4\u00df den gesetzlichen Bestimmungen. Es werden Sicherheitsvorkehrungen getroffen, um Ihre durch uns verwalteten Daten gegen Manipulation, Verlust oder gegen Zugriff unberechtigter Personen zu sch\u00fctzen.<\/p>\n\n\n\n<p><strong>Erhebung und Verarbeitung personenbezogener Daten<\/strong><br>\nZur Optimierung unseres Internet-Auftritts werden Ihre IP-Adresse und der Zeitpunkt des Zugriffs erfasst. Hahne-Software.de verwendet Cookies und aktive Komponenten (z.B. JavaScript), um Pr\u00e4ferenzen der Internet-Seiten-Besucher verfolgen und die Internet-Seiten optimal gestalten zu k\u00f6nnen. Cookies sind kleine Textdateien, die auf Ihrem Computer gespeichert werden, wenn Sie unsere Internet-Seiten besuchen. Wenn Sie es m\u00f6chten, k\u00f6nnen Sie die Cookies jederzeit wieder l\u00f6schen. Dies kann allerdings dazu f\u00fchren, dass Ihnen einzelne Funktionen nicht mehr zur Verf\u00fcgung stehen. Zum L\u00f6schen der Cookies informieren Sie sich bitte in der Hilfefunktion Ihres Webbrowsers.<\/p>\n\n\n\n<p><strong>Widerspruch<\/strong><br>\nWeiterhin k\u00f6nnen Sie jederzeit Ihre Einwilligung zur Erhebung, Verarbeitung und Nutzung Ihrer personenbezogenen Daten f\u00fcr die Zukunft widerrufen.<\/p>\n\n\n\n<p><strong>L\u00f6schung personenbezogener Daten<\/strong><br>\nDie L\u00f6schung der personenbezogenen Daten erfolgt, wenn Sie die Einwilligung zur Speicherung widerrufen, wenn die Kenntnis der personenbezogenen Daten zur Erf\u00fcllung des mit der Speicherung verfolgten Zwecks nicht mehr erforderlich ist oder wenn die Speicherung aus sonstigen gesetzlichen Gr\u00fcnden unzul\u00e4ssig ist. Daten, die f\u00fcr Abrechnungs- und Buchhaltungszwecke erforderlich sind oder der gesetzlichen Aufbewahrungspflicht unterliegen, sind davon nicht ber\u00fchrt.<\/p>\n\n\n\n<p><strong>Kontakt<\/strong><br>\nF\u00fcr Auskunft, Anregungen, Korrekturhinweise und Beschwerden hinsichtlich der Verarbeitung Ihrer personenbezogenen Daten, k\u00f6nnen Sie sich an den folgenden Kontakt wenden.<\/p>\n\n\n\n<p>Hahne-Software.de<br>\nHans-J\u00fcrgen Hahne<\/p>\n\n\n\n<p>Kr\u00e4henweg 28<br>\n50829 K\u00f6ln<\/p>\n\n\n\n<p><a href=\"mailto:info@hahne-software.de\">info@hahne-software.de<\/a><\/p>\n","protected":false},"excerpt":{"rendered":"<p>Datenschutzhinweise zur Nutzung der Hahne-Software.de Internet-Seiten Hahne-Software.de freut sich \u00fcber Ihren Besuch unserer Internetseiten. Hahne-Software.de respektiert Ihre Privatsph\u00e4re Der Schutz Ihrer Privatsph\u00e4re bei der Verarbeitung personenbezogener Daten sowie die Sicherheit aller Gesch\u00e4ftsdaten ist uns ein wichtiges Anliegen und Bestandteil unserer Unternehmenspolitik. Wir verarbeiten personenbezogene Daten, die bei Ihrem Besuch unserer Internetseiten erhoben werden, vertraulich und [&hellip;]<\/p>\n","protected":false},"author":1,"featured_media":0,"parent":0,"menu_order":0,"comment_status":"closed","ping_status":"closed","template":"","meta":{"footnotes":""},"class_list":["post-280","page","type-page","status-publish","hentry"],"blocksy_meta":[],"_links":{"self":[{"href":"https:\/\/hahne-software.de\/index.php?rest_route=\/wp\/v2\/pages\/280","targetHints":{"allow":["GET"]}}],"collection":[{"href":"https:\/\/hahne-software.de\/index.php?rest_route=\/wp\/v2\/pages"}],"about":[{"href":"https:\/\/hahne-software.de\/index.php?rest_route=\/wp\/v2\/types\/page"}],"author":[{"embeddable":true,"href":"https:\/\/hahne-software.de\/index.php?rest_route=\/wp\/v2\/users\/1"}],"replies":[{"embeddable":true,"href":"https:\/\/hahne-software.de\/index.php?rest_route=%2Fwp%2Fv2%2Fcomments&post=280"}],"version-history":[{"count":7,"href":"https:\/\/hahne-software.de\/index.php?rest_route=\/wp\/v2\/pages\/280\/revisions"}],"predecessor-version":[{"id":336,"href":"https:\/\/hahne-software.de\/index.php?rest_route=\/wp\/v2\/pages\/280\/revisions\/336"}],"wp:attachment":[{"href":"https:\/\/hahne-software.de\/index.php?rest_route=%2Fwp%2Fv2%2Fmedia&parent=280"}],"curies":[{"name":"wp","href":"https:\/\/api.w.org\/{rel}","templated":true}]}}