{"id":321,"date":"2018-07-21T07:55:18","date_gmt":"2018-07-21T07:55:18","guid":{"rendered":"http:\/\/hahne-software.de\/?page_id=321"},"modified":"2021-01-14T09:16:17","modified_gmt":"2021-01-14T09:16:17","slug":"impressum","status":"publish","type":"page","link":"https:\/\/hahne-software.de\/?page_id=321","title":{"rendered":"Impressum"},"content":{"rendered":"\n<p>Hahne-Software.de<\/p>\n\n\n\n<p><strong>Herausgeber<\/strong>:<br>\nHans-J\u00fcrgen Hahne<\/p>\n\n\n\n<p>Kr\u00e4henweg 28<br>\n50829 K\u00f6ln<\/p>\n\n\n\n<p>info@hahne-software.de<\/p>\n","protected":false},"excerpt":{"rendered":"<p>Hahne-Software.de Herausgeber: Hans-J\u00fcrgen Hahne Kr\u00e4henweg 28 50829 K\u00f6ln info@hahne-software.de<\/p>\n","protected":false},"author":1,"featured_media":0,"parent":0,"menu_order":0,"comment_status":"closed","ping_status":"closed","template":"","meta":{"footnotes":""},"class_list":["post-321","page","type-page","status-publish","hentry"],"blocksy_meta":[],"_links":{"self":[{"href":"https:\/\/hahne-software.de\/index.php?rest_route=\/wp\/v2\/pages\/321","targetHints":{"allow":["GET"]}}],"collection":[{"href":"https:\/\/hahne-software.de\/index.php?rest_route=\/wp\/v2\/pages"}],"about":[{"href":"https:\/\/hahne-software.de\/index.php?rest_route=\/wp\/v2\/types\/page"}],"author":[{"embeddable":true,"href":"https:\/\/hahne-software.de\/index.php?rest_route=\/wp\/v2\/users\/1"}],"replies":[{"embeddable":true,"href":"https:\/\/hahne-software.de\/index.php?rest_route=%2Fwp%2Fv2%2Fcomments&post=321"}],"version-history":[{"count":2,"href":"https:\/\/hahne-software.de\/index.php?rest_route=\/wp\/v2\/pages\/321\/revisions"}],"predecessor-version":[{"id":337,"href":"https:\/\/hahne-software.de\/index.php?rest_route=\/wp\/v2\/pages\/321\/revisions\/337"}],"wp:attachment":[{"href":"https:\/\/hahne-software.de\/index.php?rest_route=%2Fwp%2Fv2%2Fmedia&parent=321"}],"curies":[{"name":"wp","href":"https:\/\/api.w.org\/{rel}","templated":true}]}}